{"id":14,"date":"2022-04-04T08:41:23","date_gmt":"2022-04-04T08:41:23","guid":{"rendered":"https:\/\/baciecibo.com\/?page_id=14"},"modified":"2024-02-13T12:36:40","modified_gmt":"2024-02-13T12:36:40","slug":"about","status":"publish","type":"page","link":"https:\/\/baciecibo.com\/fr\/about\/","title":{"rendered":"\u00e0 propos"},"content":{"rendered":"<div class=\"wp-block-media-text alignwide has-media-on-the-right is-stacked-on-mobile\" style=\"padding-top:0;padding-right:var(--wp--preset--spacing--6);padding-bottom:0;padding-left:var(--wp--preset--spacing--6);grid-template-columns:auto 29%\"><div class=\"wp-block-media-text__content\">\n<p>Cr\u00e9\u00e9, conserv\u00e9 et entretenu par Caitlin et Fabian.<\/p>\n\n\n\n<p>Parfois, il y a des rencontres qui finissent en amour - le vrai amour: le type d\u2019amour sain, passionn\u00e9, qui pourrait durer pour l\u2019\u00e9ternit\u00e9. D\u2019autres fois, on se quitte sans grand regret - mais avec une nouvelle liste de restos et bars \u00e0 la main.\u00a0<\/p>\n\n\n\n<p><\/p>\n\n\n\n<p style=\"padding-top:var(--wp--preset--spacing--1);padding-bottom:var(--wp--preset--spacing--1)\">Les premiers (deuxi\u00e8mes, troisi\u00e8mes, \u00e9ni\u00e8mes..) rendez-vous tournent in\u00e9vitablement autourde la nourriture. La partage de la bouffe est une c\u00e9r\u00e9monie de liaison s\u00e9culaire qui correspond \u00e0 nos besoins les plus primordiaux \u2014 m\u00eame avant que l\u2019on soit assez confortable pour voler une bouch\u00e9e dans l\u2019assiette de notre partenaire. Il n\u2019y a rien de plus beau que le sentiment de connexion quand on utilise les phrases \u201cOh putain, c\u2019est bon. Essaie-le!\u201d ou \u201cC\u2019est pas ouf ici. On part ?\u201d.\u00a0<\/p>\n\n\n\n<p><\/p>\n\n\n\n<p>Le but de <strong>baci e cibo<\/strong> is to co-create a romance with you that capitalises on love, food, and the love of food: let\u2019s be passionate, and share culinary experiences; let\u2019s get in a huff and walk away for a few days and then meet again &#8211; hungry; let\u2019s cook together and drink wine. We do not believe that it is only man whose heart can be found through his stomach.<\/p>\n<\/div><figure class=\"wp-block-media-text__media\"><img loading=\"lazy\" decoding=\"async\" width=\"1024\" height=\"1003\" src=\"https:\/\/baciecibo.com\/wp-content\/uploads\/2024\/02\/IMG_1099-scaled-e1707827719419-1024x1003.jpg\" alt=\"\" class=\"wp-image-572 size-full\" srcset=\"https:\/\/baciecibo.com\/wp-content\/uploads\/2024\/02\/IMG_1099-scaled-e1707827719419-1024x1003.jpg 1024w, https:\/\/baciecibo.com\/wp-content\/uploads\/2024\/02\/IMG_1099-scaled-e1707827719419-300x294.jpg 300w, https:\/\/baciecibo.com\/wp-content\/uploads\/2024\/02\/IMG_1099-scaled-e1707827719419-768x752.jpg 768w, https:\/\/baciecibo.com\/wp-content\/uploads\/2024\/02\/IMG_1099-scaled-e1707827719419-12x12.jpg 12w, https:\/\/baciecibo.com\/wp-content\/uploads\/2024\/02\/IMG_1099-scaled-e1707827719419-750x735.jpg 750w, https:\/\/baciecibo.com\/wp-content\/uploads\/2024\/02\/IMG_1099-scaled-e1707827719419.jpg 1463w\" sizes=\"auto, (max-width: 1024px) 100vw, 1024px\" \/><\/figure><\/div>","protected":false},"excerpt":{"rendered":"<p>Created, curated and cared for by Caitlin &amp; Fabian. Sometimes people meet and create romances that are wholesome, passionate and could truly last forever. Other times, you walk away from the experience with a bit of a bruised ticker, but a killer new list of restaurants and bars.\u00a0 First (and second, third, umpteenth\u2026) dates inevitably [&hellip;]<\/p>\n","protected":false},"author":1,"featured_media":0,"parent":0,"menu_order":0,"comment_status":"closed","ping_status":"closed","template":"","meta":{"footnotes":""},"class_list":["post-14","page","type-page","status-publish","hentry"],"featured_image_src":null,"_links":{"self":[{"href":"https:\/\/baciecibo.com\/fr\/wp-json\/wp\/v2\/pages\/14","targetHints":{"allow":["GET"]}}],"collection":[{"href":"https:\/\/baciecibo.com\/fr\/wp-json\/wp\/v2\/pages"}],"about":[{"href":"https:\/\/baciecibo.com\/fr\/wp-json\/wp\/v2\/types\/page"}],"author":[{"embeddable":true,"href":"https:\/\/baciecibo.com\/fr\/wp-json\/wp\/v2\/users\/1"}],"replies":[{"embeddable":true,"href":"https:\/\/baciecibo.com\/fr\/wp-json\/wp\/v2\/comments?post=14"}],"version-history":[{"count":11,"href":"https:\/\/baciecibo.com\/fr\/wp-json\/wp\/v2\/pages\/14\/revisions"}],"predecessor-version":[{"id":573,"href":"https:\/\/baciecibo.com\/fr\/wp-json\/wp\/v2\/pages\/14\/revisions\/573"}],"wp:attachment":[{"href":"https:\/\/baciecibo.com\/fr\/wp-json\/wp\/v2\/media?parent=14"}],"curies":[{"name":"wp","href":"https:\/\/api.w.org\/{rel}","templated":true}]}}